{"id":26716,"date":"2018-11-26T16:08:12","date_gmt":"2018-11-26T16:08:12","guid":{"rendered":"https:\/\/precisionmedconnect.com\/blog\/"},"modified":"2024-08-28T00:29:33","modified_gmt":"2024-08-28T00:29:33","slug":"blog","status":"publish","type":"page","link":"https:\/\/precisionmedconnect.com\/es\/blog\/","title":{"rendered":"Blog"},"content":{"rendered":"\t\t<div data-elementor-type=\"wp-page\" data-elementor-id=\"26716\" class=\"elementor elementor-26716 elementor-24492\" data-elementor-post-type=\"page\">\n\t\t\t\t\t\t<section class=\"elementor-section elementor-top-section elementor-element elementor-element-b9ee90b elementor-section-boxed elementor-section-height-default elementor-section-height-default\" data-id=\"b9ee90b\" data-element_type=\"section\">\r\n\t\t\t\t\t\t<div class=\"elementor-container elementor-column-gap-thegem\"><div class=\"elementor-row\">\r\n\t\t\t\t\t<div class=\"elementor-column elementor-col-100 elementor-top-column elementor-element elementor-element-96fa1a4\" data-id=\"96fa1a4\" data-element_type=\"column\">\n\t\t\t<div class=\"elementor-widget-wrap elementor-element-populated\">\n\t\t\t\t\t\t<div class=\"elementor-element elementor-element-70f2dc3 flex-horizontal-align-default flex-horizontal-align-tablet-default flex-horizontal-align-mobile-default flex-vertical-align-default flex-vertical-align-tablet-default flex-vertical-align-mobile-default elementor-widget elementor-widget-thegem-blog-grid\" data-id=\"70f2dc3\" data-element_type=\"widget\" data-settings=\"{&quot;categories&quot;:[&quot;0&quot;],&quot;thegem_elementor_preset&quot;:&quot;style-2&quot;,&quot;query_type&quot;:&quot;post&quot;,&quot;source&quot;:[&quot;categories&quot;],&quot;exclude_blog_posts_type&quot;:&quot;manual&quot;,&quot;order_by&quot;:&quot;default&quot;,&quot;order&quot;:&quot;default&quot;,&quot;items_per_page&quot;:8,&quot;image_icon_show&quot;:&quot;yes&quot;}\" data-widget_type=\"thegem-blog-grid.default\">\n\t\t\t\t<div class=\"elementor-widget-container\">\n\t\t\t\t\t\t<div class=\"preloader\"><div class=\"preloader-spin\"><\/div><\/div>\n\t\t\t<div class=\"blog-grid blog clearfix  justified-style-2  blog-style-justified  blog-style-3x    inline-row   blog-style-justified-3x \" data-page=\"1\" data-paged=\"1\" data-next-page=\"0\" data-load-more-action=\"thegem_bloggrid_load_more\">\n\t\t\t\n<article id=\"post-26846\" class=\"post-item col-lg-4 col-md-4 col-sm-6 col-xs-6 inline-column item-animations-not-inited post-26846 post type-post status-publish format-standard has-post-thumbnail category-gestion-de-ciclo-de-ingresos\">\n\n\t\t\t<div class=\"post-content-wrapper\">\n\t\t\n\t\t\t\t\t\t\n\t\t\t\t\t\t\t<div class=\"post-image\"><div class=\"post-featured-content\"><a href=\"https:\/\/precisionmedconnect.com\/es\/como-optimizar-el-ciclo-de-ingresos-en-tu-practica-medica\/\">\t\t<picture>\n\t\t\t\t\t\t\t\t\t\t\t\t\t\t\t\t\t\t\t<img fetchpriority=\"high\" src=\"https:\/\/precisionmedconnect.com\/wp-content\/uploads\/2024\/08\/Como-optimizar-el-ciclo-de-ingresos-en-tu-practica-medica-thegem-blog-justified.webp\" width=\"640\" height=\"480\"  class=\"img-responsive\" alt=\"Como optimizar el ciclo de ingresos en tu practica medica\" \/>\n\t\t<\/picture>\n\t\t<\/a><\/div><\/div>\n\t\t\t\n\t\t\t<div class=\"caption-container\">\n\t\t\t\t<div class=\"description\">\n\t\t\t\t\t<div class=\"post-meta-conteiner\">\n\n\t\t\t\t\t\t\t<span class=\"post-meta-author\">\n\t\t\t\t\t\t\t\t\t\t\t\t\t\t\t\t\tBy <a href=\"https:\/\/precisionmedconnect.com\/precisionmedconnect.com\" title=\"Visitar el sitio de admin\" rel=\"author external\">admin<\/a>\t\t\t\t\t\t\t\t\t\t\t\t\t\t\t<\/span>\n\n\t\t\t\t\t\t<div class=\"post-meta-right\">\n\t\t\t\t\t\t\t\t\t\t\t\t\t\t\t<span class=\"comments-link\"><div class=\"elementor-icon\"><i class=\"default\"><\/i> <\/div><a href=\"https:\/\/precisionmedconnect.com\/es\/como-optimizar-el-ciclo-de-ingresos-en-tu-practica-medica\/#respond\">0<\/a><\/span>\n\t\t\t\t\t\t\t\n\t\t\t\t\t\t\t\t\t\t\t\t\t\t\t<span class=\"sep\"><\/span>\n\t\t\t\t\t\t\t\t\t\t\t\t\t\t<span class=\"post-meta-likes\"><i class=\"default\"><\/i><a href=\"#\" class=\"zilla-likes\" id=\"zilla-likes-26846\" title=\"Like this\"><span class=\"zilla-likes-count\">0<\/span> <span class=\"zilla-likes-postfix\"><\/span><\/a><\/span>\t\t\t\t\t\t<\/div>\n\t\t\t\t\t<\/div>\n\n\t\t\t\t\t<div class=\"post-title\">\n\t\t\t\t\t\t\t\t\t\t\t\t\t<div class=\"entry-title title-h4\"><a href=\"https:\/\/precisionmedconnect.com\/es\/como-optimizar-el-ciclo-de-ingresos-en-tu-practica-medica\/\" rel=\"bookmark\"><span class=\"entry-title-date\"><\/span><span class=\"light\">C\u00f3mo Optimizar el Ciclo de Ingresos en Tu Pr\u00e1ctica M\u00e9dica<\/span><\/a><\/div>\t\t\t\t\t\t\t\t\t\t\t<\/div>\n\n\t\t\t\t\t\n\t\t\t\t\t<div class=\"info clearfix\">\n\t\t\t\t\t\t\t<div class=\"post-footer-sharing\">\n\t\t\t\t\t\t\t\t\n<div class=\"gem-button-container gem-widget-button gem-button-position-inline\">\n\t<a class=\"gem-button gem-button-size-tiny gem-button-style-flat gem-button-text-weight-normal gem-button-empty\" href=\"#\" target=\"_self\">\n\t\t<div class=\"elementor-icon\">\n\t\t\t\t\t\t\t<i class=\"default\"><\/i>\n\t\t\t\t\t<\/div>\n\t<\/a>\n<\/div>\n\n<div class=\"sharing-popup\">\n\t<div class=\"socials-sharing socials socials-colored-hover\">\n\n\t\t\t\t\t<a class=\"socials-item\" target=\"_blank\" href=\"https:\/\/www.facebook.com\/sharer\/sharer.php?u=https%3A%2F%2Fprecisionmedconnect.com%2Fes%2Fcomo-optimizar-el-ciclo-de-ingresos-en-tu-practica-medica%2F\" title=\"Facebook\"><i class=\"socials-item-icon facebook\"><\/i><\/a>\n\t\t\n\t\t\t\t\t<a class=\"socials-item\" target=\"_blank\" href=\"https:\/\/twitter.com\/intent\/tweet?text=C%C3%B3mo+Optimizar+el+Ciclo+de+Ingresos+en+Tu+Pr%C3%A1ctica+M%C3%A9dica&#038;url=https%3A%2F%2Fprecisionmedconnect.com%2Fes%2Fcomo-optimizar-el-ciclo-de-ingresos-en-tu-practica-medica%2F\" title=\"Twitter\"><i class=\"socials-item-icon twitter\"><\/i><\/a>\n\t\t\n\t\t\t\t\t<a class=\"socials-item\" target=\"_blank\" href=\"https:\/\/pinterest.com\/pin\/create\/button\/?url=https%3A%2F%2Fprecisionmedconnect.com%2Fes%2Fcomo-optimizar-el-ciclo-de-ingresos-en-tu-practica-medica%2F&#038;description=C%C3%B3mo+Optimizar+el+Ciclo+de+Ingresos+en+Tu+Pr%C3%A1ctica+M%C3%A9dica&#038;media=https%3A%2F%2Fprecisionmedconnect.com%2Fwp-content%2Fuploads%2F2024%2F08%2FComo-optimizar-el-ciclo-de-ingresos-en-tu-practica-medica-thegem-blog-timeline-large.webp\" title=\"Pinterest\"><i class=\"socials-item-icon pinterest\"><\/i><\/a>\n\t\t\n\t\t\t\t\t<a class=\"socials-item\" target=\"_blank\" href=\"http:\/\/tumblr.com\/widgets\/share\/tool?canonicalUrl=https%3A%2F%2Fprecisionmedconnect.com%2Fes%2Fcomo-optimizar-el-ciclo-de-ingresos-en-tu-practica-medica%2F\" title=\"Tumblr\"><i class=\"socials-item-icon tumblr\"><\/i><\/a>\n\t\t\n\t\t\t\t\t<a class=\"socials-item\" target=\"_blank\" href=\"https:\/\/www.linkedin.com\/shareArticle?mini=true&#038;url=https%3A%2F%2Fprecisionmedconnect.com%2Fes%2Fcomo-optimizar-el-ciclo-de-ingresos-en-tu-practica-medica%2F&#038;title=C%C3%B3mo+Optimizar+el+Ciclo+de+Ingresos+en+Tu+Pr%C3%A1ctica+M%C3%A9dica&amp;summary=Optimizar+el+ciclo+de+ingresos+en+tu+cl%C3%ADnica+es+fundamental+para+mantener+la+estabilidad+financiera+de+cualquier+pr%C3%A1ctica+m%C3%A9dica.+El...\" title=\"LinkedIn\"><i class=\"socials-item-icon linkedin\"><\/i><\/a>\n\t\t\n\t\t\t\t\t<a class=\"socials-item\" target=\"_blank\" href=\"https:\/\/www.reddit.com\/submit?url=https%3A%2F%2Fprecisionmedconnect.com%2Fes%2Fcomo-optimizar-el-ciclo-de-ingresos-en-tu-practica-medica%2F&#038;title=C%C3%B3mo+Optimizar+el+Ciclo+de+Ingresos+en+Tu+Pr%C3%A1ctica+M%C3%A9dica\" title=\"Reddit\"><i class=\"socials-item-icon reddit\"><\/i><\/a>\n\t\t\n\t<\/div>\n\t<svg class=\"sharing-styled-arrow\"><use xlink:href=\"https:\/\/precisionmedconnect.com\/wp-content\/themes\/thegem-elementor\/css\/post-arrow.svg#dec-post-arrow\"><\/use><\/svg>\n<\/div>\n\t\t\t\t\t\t\t<\/div>\n\t\t\t\t\t\t\t<div class=\"post-read-more\">\n\t\t\t\t\t\t\t\t\t<div class=\"gem-button-container gem-widget-button gem-button-position-inline\">\n\t\t<a class=\"gem-button gem-button-size-tiny gem-button-style-outline\" href=\"https:\/\/precisionmedconnect.com\/es\/como-optimizar-el-ciclo-de-ingresos-en-tu-practica-medica\/\">\n\t\t\t<span class=\"gem-inner-wrapper-btn\">\n\t\t\t\t\t\t\t\t<span class=\"gem-text-button\">\n\t\t\t\t\tLeer el Articulo\t\t\t\t<\/span>\n\t\t\t<\/span>\n\t\t<\/a>\n\t<\/div>\n\t\t\t\t\t\t\t<\/div>\n\t\t\t\t\t<\/div>\n\t\t\t\t<\/div>\n\t\t\t<\/div>\n\n\t\t<\/div>\n\n<\/article>\n\t\t\t<\/div>\n\t\t\t\t\t<style>\n\t\t\t\t.elementor-element-70f2dc3 .blog-grid .post-image a:hover:after{opacity: 1 !important;}\n\t\t\t\t.elementor-element-70f2dc3 .blog-grid .post-content-wrapper:hover .post-image a:after{opacity: 1 !important;}\n\t\t\t<\/style>\n\t\t\n\t\t\t\n\t\t\t\t\t\t\t<div class=\"preloader\"><div class=\"preloader-spin\"><\/div><\/div>\n\t\t\t\t<div class=\"blog-grid-pagination\" data-page=\"1\" data-next-page=\"0\">\n\t\t\t\t\t\t\t\t\t\t\t\t\t\t\t\t\t\t\t\t<\/div>\n\t\t\t\n\t\t\t\n\t\t\t\n\t\t\t\n\t\t\t\t<\/div>\n\t\t\t\t<\/div>\n\t\t\t\t\t<\/div>\n\t\t<\/div>\n\t\t\t\t\t<\/div><\/div>\r\n\t\t<\/section>\r\n\t\t\t\t<\/div>\n\t\t","protected":false},"excerpt":{"rendered":"<p>By admin 0 0 How to Optimize the Revenue Cycle in Your Medical Practice Leer el Articulo<\/p>\n","protected":false},"author":1,"featured_media":0,"parent":0,"menu_order":0,"comment_status":"closed","ping_status":"closed","template":"page-fullwidth.php","meta":{"footnotes":""},"yoast_head":"<!-- This site is optimized with the Yoast SEO plugin v23.3 - https:\/\/yoast.com\/wordpress\/plugins\/seo\/ -->\n<title>Blog - Precision Medical connection<\/title>\n<meta name=\"description\" content=\"Blog sobre soluciones administrativas para proveedores de atenci\u00f3n m\u00e9dica. Blog que explica las soluciones para la atenci\u00f3n m\u00e9dica\" \/>\n<meta name=\"robots\" content=\"index, follow, max-snippet:-1, max-image-preview:large, max-video-preview:-1\" \/>\n<link rel=\"canonical\" href=\"https:\/\/precisionmedconnect.com\/news\/blog\/\" \/>\n<meta property=\"og:locale\" content=\"es_ES\" \/>\n<meta property=\"og:type\" content=\"article\" \/>\n<meta property=\"og:title\" content=\"Blog - Precision Medical connection\" \/>\n<meta property=\"og:description\" content=\"Blog sobre soluciones administrativas para proveedores de atenci\u00f3n m\u00e9dica. Blog que explica las soluciones para la atenci\u00f3n m\u00e9dica\" \/>\n<meta property=\"og:url\" content=\"https:\/\/precisionmedconnect.com\/news\/blog\/\" \/>\n<meta property=\"og:site_name\" content=\"Precision Medical connection\" \/>\n<meta property=\"article:publisher\" content=\"https:\/\/www.facebook.com\/people\/Precision-Med-Connect\/61562508525185\/\" \/>\n<meta property=\"article:modified_time\" content=\"2024-08-28T00:29:33+00:00\" \/>\n<meta property=\"og:image\" content=\"https:\/\/precisionmedconnect.com\/wp-content\/uploads\/2024\/08\/How-to-Optimize-the-Revenue-Cycle-in-Your-Medical-Practice-thegem-blog-justified.webp\" \/>\n<meta name=\"twitter:card\" content=\"summary_large_image\" \/>\n<meta name=\"twitter:label1\" content=\"Est. reading time\" \/>\n\t<meta name=\"twitter:data1\" content=\"1 minuto\" \/>\n<script type=\"application\/ld+json\" class=\"yoast-schema-graph\">{\"@context\":\"https:\/\/schema.org\",\"@graph\":[{\"@type\":\"WebPage\",\"@id\":\"https:\/\/precisionmedconnect.com\/news\/blog\/\",\"url\":\"https:\/\/precisionmedconnect.com\/news\/blog\/\",\"name\":\"Blog - Precision Medical connection\",\"isPartOf\":{\"@id\":\"https:\/\/precisionmedconnect.com\/#website\"},\"primaryImageOfPage\":{\"@id\":\"https:\/\/precisionmedconnect.com\/news\/blog\/#primaryimage\"},\"image\":{\"@id\":\"https:\/\/precisionmedconnect.com\/news\/blog\/#primaryimage\"},\"thumbnailUrl\":\"https:\/\/precisionmedconnect.com\/wp-content\/uploads\/2024\/08\/How-to-Optimize-the-Revenue-Cycle-in-Your-Medical-Practice-thegem-blog-justified.webp\",\"datePublished\":\"2018-11-26T16:08:12+00:00\",\"dateModified\":\"2024-08-28T00:29:33+00:00\",\"description\":\"Blog sobre soluciones administrativas para proveedores de atenci\u00f3n m\u00e9dica. Blog que explica las soluciones para la atenci\u00f3n m\u00e9dica\",\"breadcrumb\":{\"@id\":\"https:\/\/precisionmedconnect.com\/news\/blog\/#breadcrumb\"},\"inLanguage\":\"es\",\"potentialAction\":[{\"@type\":\"ReadAction\",\"target\":[\"https:\/\/precisionmedconnect.com\/news\/blog\/\"]}]},{\"@type\":\"ImageObject\",\"inLanguage\":\"es\",\"@id\":\"https:\/\/precisionmedconnect.com\/news\/blog\/#primaryimage\",\"url\":\"https:\/\/precisionmedconnect.com\/wp-content\/uploads\/2024\/08\/How-to-Optimize-the-Revenue-Cycle-in-Your-Medical-Practice-thegem-blog-justified.webp\",\"contentUrl\":\"https:\/\/precisionmedconnect.com\/wp-content\/uploads\/2024\/08\/How-to-Optimize-the-Revenue-Cycle-in-Your-Medical-Practice-thegem-blog-justified.webp\"},{\"@type\":\"BreadcrumbList\",\"@id\":\"https:\/\/precisionmedconnect.com\/news\/blog\/#breadcrumb\",\"itemListElement\":[{\"@type\":\"ListItem\",\"position\":1,\"name\":\"Home\",\"item\":\"https:\/\/precisionmedconnect.com\/es\/\"},{\"@type\":\"ListItem\",\"position\":2,\"name\":\"Blog\"}]},{\"@type\":\"WebSite\",\"@id\":\"https:\/\/precisionmedconnect.com\/#website\",\"url\":\"https:\/\/precisionmedconnect.com\/\",\"name\":\"Precision Medical connection\",\"description\":\"Precision Medical connection\",\"publisher\":{\"@id\":\"https:\/\/precisionmedconnect.com\/#organization\"},\"potentialAction\":[{\"@type\":\"SearchAction\",\"target\":{\"@type\":\"EntryPoint\",\"urlTemplate\":\"https:\/\/precisionmedconnect.com\/?s={search_term_string}\"},\"query-input\":\"required name=search_term_string\"}],\"inLanguage\":\"es\"},{\"@type\":\"Organization\",\"@id\":\"https:\/\/precisionmedconnect.com\/#organization\",\"name\":\"Precision Medical connection\",\"url\":\"https:\/\/precisionmedconnect.com\/\",\"logo\":{\"@type\":\"ImageObject\",\"inLanguage\":\"es\",\"@id\":\"https:\/\/precisionmedconnect.com\/#\/schema\/logo\/image\/\",\"url\":\"https:\/\/precisionmedconnect.com\/wp-content\/uploads\/2024\/08\/Team-icon.webp\",\"contentUrl\":\"https:\/\/precisionmedconnect.com\/wp-content\/uploads\/2024\/08\/Team-icon.webp\",\"width\":110,\"height\":110,\"caption\":\"Precision Medical connection\"},\"image\":{\"@id\":\"https:\/\/precisionmedconnect.com\/#\/schema\/logo\/image\/\"},\"sameAs\":[\"https:\/\/www.facebook.com\/people\/Precision-Med-Connect\/61562508525185\/\",\"https:\/\/www.instagram.com\/precisionmedconnect\/\"]}]}<\/script>\n<!-- \/ Yoast SEO plugin. -->","yoast_head_json":{"title":"Blog - Precision Medical connection","description":"Blog sobre soluciones administrativas para proveedores de atenci\u00f3n m\u00e9dica. Blog que explica las soluciones para la atenci\u00f3n m\u00e9dica","robots":{"index":"index","follow":"follow","max-snippet":"max-snippet:-1","max-image-preview":"max-image-preview:large","max-video-preview":"max-video-preview:-1"},"canonical":"https:\/\/precisionmedconnect.com\/news\/blog\/","og_locale":"es_ES","og_type":"article","og_title":"Blog - Precision Medical connection","og_description":"Blog sobre soluciones administrativas para proveedores de atenci\u00f3n m\u00e9dica. Blog que explica las soluciones para la atenci\u00f3n m\u00e9dica","og_url":"https:\/\/precisionmedconnect.com\/news\/blog\/","og_site_name":"Precision Medical connection","article_publisher":"https:\/\/www.facebook.com\/people\/Precision-Med-Connect\/61562508525185\/","article_modified_time":"2024-08-28T00:29:33+00:00","og_image":[{"url":"https:\/\/precisionmedconnect.com\/wp-content\/uploads\/2024\/08\/How-to-Optimize-the-Revenue-Cycle-in-Your-Medical-Practice-thegem-blog-justified.webp"}],"twitter_card":"summary_large_image","twitter_misc":{"Est. reading time":"1 minuto"},"schema":{"@context":"https:\/\/schema.org","@graph":[{"@type":"WebPage","@id":"https:\/\/precisionmedconnect.com\/news\/blog\/","url":"https:\/\/precisionmedconnect.com\/news\/blog\/","name":"Blog - Precision Medical connection","isPartOf":{"@id":"https:\/\/precisionmedconnect.com\/#website"},"primaryImageOfPage":{"@id":"https:\/\/precisionmedconnect.com\/news\/blog\/#primaryimage"},"image":{"@id":"https:\/\/precisionmedconnect.com\/news\/blog\/#primaryimage"},"thumbnailUrl":"https:\/\/precisionmedconnect.com\/wp-content\/uploads\/2024\/08\/How-to-Optimize-the-Revenue-Cycle-in-Your-Medical-Practice-thegem-blog-justified.webp","datePublished":"2018-11-26T16:08:12+00:00","dateModified":"2024-08-28T00:29:33+00:00","description":"Blog sobre soluciones administrativas para proveedores de atenci\u00f3n m\u00e9dica. Blog que explica las soluciones para la atenci\u00f3n m\u00e9dica","breadcrumb":{"@id":"https:\/\/precisionmedconnect.com\/news\/blog\/#breadcrumb"},"inLanguage":"es","potentialAction":[{"@type":"ReadAction","target":["https:\/\/precisionmedconnect.com\/news\/blog\/"]}]},{"@type":"ImageObject","inLanguage":"es","@id":"https:\/\/precisionmedconnect.com\/news\/blog\/#primaryimage","url":"https:\/\/precisionmedconnect.com\/wp-content\/uploads\/2024\/08\/How-to-Optimize-the-Revenue-Cycle-in-Your-Medical-Practice-thegem-blog-justified.webp","contentUrl":"https:\/\/precisionmedconnect.com\/wp-content\/uploads\/2024\/08\/How-to-Optimize-the-Revenue-Cycle-in-Your-Medical-Practice-thegem-blog-justified.webp"},{"@type":"BreadcrumbList","@id":"https:\/\/precisionmedconnect.com\/news\/blog\/#breadcrumb","itemListElement":[{"@type":"ListItem","position":1,"name":"Home","item":"https:\/\/precisionmedconnect.com\/es\/"},{"@type":"ListItem","position":2,"name":"Blog"}]},{"@type":"WebSite","@id":"https:\/\/precisionmedconnect.com\/#website","url":"https:\/\/precisionmedconnect.com\/","name":"Precision Medical connection","description":"Precision Medical connection","publisher":{"@id":"https:\/\/precisionmedconnect.com\/#organization"},"potentialAction":[{"@type":"SearchAction","target":{"@type":"EntryPoint","urlTemplate":"https:\/\/precisionmedconnect.com\/?s={search_term_string}"},"query-input":"required name=search_term_string"}],"inLanguage":"es"},{"@type":"Organization","@id":"https:\/\/precisionmedconnect.com\/#organization","name":"Precision Medical connection","url":"https:\/\/precisionmedconnect.com\/","logo":{"@type":"ImageObject","inLanguage":"es","@id":"https:\/\/precisionmedconnect.com\/#\/schema\/logo\/image\/","url":"https:\/\/precisionmedconnect.com\/wp-content\/uploads\/2024\/08\/Team-icon.webp","contentUrl":"https:\/\/precisionmedconnect.com\/wp-content\/uploads\/2024\/08\/Team-icon.webp","width":110,"height":110,"caption":"Precision Medical connection"},"image":{"@id":"https:\/\/precisionmedconnect.com\/#\/schema\/logo\/image\/"},"sameAs":["https:\/\/www.facebook.com\/people\/Precision-Med-Connect\/61562508525185\/","https:\/\/www.instagram.com\/precisionmedconnect\/"]}]}},"_links":{"self":[{"href":"https:\/\/precisionmedconnect.com\/es\/wp-json\/wp\/v2\/pages\/26716"}],"collection":[{"href":"https:\/\/precisionmedconnect.com\/es\/wp-json\/wp\/v2\/pages"}],"about":[{"href":"https:\/\/precisionmedconnect.com\/es\/wp-json\/wp\/v2\/types\/page"}],"author":[{"embeddable":true,"href":"https:\/\/precisionmedconnect.com\/es\/wp-json\/wp\/v2\/users\/1"}],"replies":[{"embeddable":true,"href":"https:\/\/precisionmedconnect.com\/es\/wp-json\/wp\/v2\/comments?post=26716"}],"version-history":[{"count":7,"href":"https:\/\/precisionmedconnect.com\/es\/wp-json\/wp\/v2\/pages\/26716\/revisions"}],"predecessor-version":[{"id":26863,"href":"https:\/\/precisionmedconnect.com\/es\/wp-json\/wp\/v2\/pages\/26716\/revisions\/26863"}],"wp:attachment":[{"href":"https:\/\/precisionmedconnect.com\/es\/wp-json\/wp\/v2\/media?parent=26716"}],"curies":[{"name":"wp","href":"https:\/\/api.w.org\/{rel}","templated":true}]}}