{"id":26904,"date":"2024-09-25T18:36:15","date_gmt":"2024-09-25T18:36:15","guid":{"rendered":"https:\/\/precisionmedconnect.com\/?page_id=26904"},"modified":"2024-09-25T22:11:54","modified_gmt":"2024-09-25T22:11:54","slug":"politica-privacidad","status":"publish","type":"page","link":"https:\/\/precisionmedconnect.com\/es\/politica-privacidad\/","title":{"rendered":"Pol\u00edtica de Privacidad"},"content":{"rendered":"\t\t<div data-elementor-type=\"wp-page\" data-elementor-id=\"26904\" class=\"elementor elementor-26904 elementor-26886\" data-elementor-post-type=\"page\">\n\t\t\t\t\t\t<section class=\"elementor-section elementor-top-section elementor-element elementor-element-4fec6c91 elementor-section-boxed elementor-section-height-default elementor-section-height-default\" data-id=\"4fec6c91\" data-element_type=\"section\">\r\n\t\t\t\t\t\t<div class=\"elementor-container elementor-column-gap-thegem\"><div class=\"elementor-row\">\r\n\t\t\t\t\t<div class=\"elementor-column elementor-col-100 elementor-top-column elementor-element elementor-element-cf6b9c\" data-id=\"cf6b9c\" data-element_type=\"column\">\n\t\t\t<div class=\"elementor-widget-wrap elementor-element-populated\">\n\t\t\t\t\t\t<div class=\"elementor-element elementor-element-571e8aa7 flex-horizontal-align-default flex-horizontal-align-tablet-default flex-horizontal-align-mobile-default flex-vertical-align-default flex-vertical-align-tablet-default flex-vertical-align-mobile-default elementor-widget elementor-widget-text-editor\" data-id=\"571e8aa7\" data-element_type=\"widget\" data-widget_type=\"text-editor.default\">\n\t\t\t\t<div class=\"elementor-widget-container\">\n\t\t\t<style>\/*! elementor - v3.23.0 - 05-08-2024 *\/\n.elementor-widget-text-editor.elementor-drop-cap-view-stacked .elementor-drop-cap{background-color:#69727d;color:#fff}.elementor-widget-text-editor.elementor-drop-cap-view-framed .elementor-drop-cap{color:#69727d;border:3px solid;background-color:transparent}.elementor-widget-text-editor:not(.elementor-drop-cap-view-default) .elementor-drop-cap{margin-top:8px}.elementor-widget-text-editor:not(.elementor-drop-cap-view-default) .elementor-drop-cap-letter{width:1em;height:1em}.elementor-widget-text-editor .elementor-drop-cap{float:left;text-align:center;line-height:1;font-size:50px}.elementor-widget-text-editor .elementor-drop-cap-letter{display:inline-block}<\/style>\t\t\t\t\t\t\t<div class=\"elementor-text-editor elementor-clearfix\">\r\n\t\t\t\t\t\t<h2><span>pol\u00edtica de privacidad\u00a0<\/span><\/h2><p><span>Esta Pol\u00edtica de privacidad establece c\u00f3mo Hormona Vida LLC (en adelante, \u201cPr\u00e1ctica\u201d, \u201cnosotros\u201d, \u201cnuestro\u201d o \u201cnos\u201d) recopila, usa y protege cualquier informaci\u00f3n que usted nos brinde cuando utiliza nuestro sitio web. Los t\u00e9rminos \u201custed\u201d o \u201csuyo\u201d se refieren al usuario de nuestro sitio web. Al utilizar el sitio web, usted acepta las pr\u00e1cticas de datos descritas en esta Pol\u00edtica de privacidad. Si no acepta estos t\u00e9rminos, no acceda ni utilice el sitio web.\u00a0\u00a0<\/span><\/p><p><span>Practice se compromete a garantizar la protecci\u00f3n de su privacidad. Si le solicitamos que proporcione cierta informaci\u00f3n que le permita identificarse al utilizar este sitio web, puede estar seguro de que dicha informaci\u00f3n solo se utilizar\u00e1 de conformidad con esta Pol\u00edtica de privacidad.\u00a0<\/span><\/p><h2><span>Cambios en la Pol\u00edtica de Privacidad.<\/span><\/h2><p><span>Podemos cambiar esta Pol\u00edtica de privacidad de vez en cuando sin notific\u00e1rselo. Usted reconoce y acepta que es su responsabilidad revisar este sitio web y la Pol\u00edtica de privacidad peri\u00f3dicamente y estar al tanto de cualquier modificaci\u00f3n. Su uso continuo del sitio web despu\u00e9s de dichas modificaciones constituir\u00e1 su: 1) reconocimiento de la Pol\u00edtica de privacidad modificada y 2) aceptaci\u00f3n de cumplir y estar sujeto a la Pol\u00edtica modificada.\u00a0\u00a0<\/span><\/p><h2><span>Contrase\u00f1as.<\/span>\u00a0\u00a0<\/h2><p><span>Para utilizar determinadas funciones de nuestro sitio web, es posible que se le asigne un nombre de usuario y una contrase\u00f1a \u00fanicos o grupales, que recibir\u00e1 a trav\u00e9s de su proceso de registro y\/o compra. Usted es responsable de mantener la confidencialidad de la contrase\u00f1a y la cuenta, y es responsable de todas las actividades (ya sea por su parte o por parte de terceros) que ocurran bajo su contrase\u00f1a o cuenta.<\/span><\/p><p><span>No se le permite compartir su nombre de usuario y\/o contrase\u00f1a con nadie. Si comparte su nombre de usuario y\/o contrase\u00f1a con otra persona, Practice se reserva el derecho de cancelar inmediatamente su acceso al sitio web, programa, producto o servicio. Practice no puede y no ser\u00e1 responsable de ninguna p\u00e9rdida o da\u00f1o que surja de su falta de protecci\u00f3n de su contrase\u00f1a o informaci\u00f3n de cuenta. Usted es responsable de las actividades que se realicen utilizando su(s) contrase\u00f1a(s) y dentro de su cuenta. Si comparte su(s) contrase\u00f1a(s) con alguien, es posible que esa persona pueda obtener acceso a su informaci\u00f3n personal bajo su propio riesgo.\u00a0<\/span><\/p><p><span>Usted acepta notificar a Practice inmediatamente sobre cualquier uso no autorizado de su contrase\u00f1a o cuenta o cualquier otra violaci\u00f3n de seguridad, y asegurarse de salir de su cuenta al final de cada sesi\u00f3n.\u00a0<\/span><\/p><p><span>Al utilizar este sitio web, usted acepta ingresar informaci\u00f3n verdadera y precisa como parte del proceso de registro, compra y dem\u00e1s. Si ingresa una direcci\u00f3n de correo electr\u00f3nico falsa u otra informaci\u00f3n falsa o inexacta, tenemos el derecho de inactivar inmediatamente su cuenta o bloquear su participaci\u00f3n en cualquier funci\u00f3n ofrecida en este sitio web o a trav\u00e9s de \u00e9l.\u00a0<\/span><\/p><p><span>Haremos todo lo posible para mantener su(s) contrase\u00f1a(s) privada(s) y no las compartiremos de ninguna otra manera sin su consentimiento, excepto cuando sea necesario cuando la ley lo requiera o creamos de buena fe que dicha acci\u00f3n es necesaria, particularmente cuando la divulgaci\u00f3n sea necesaria para identificar, contactar o emprender acciones legales contra alguien que pueda estar causando da\u00f1os a otros o interfiriendo con nuestros derechos o propiedad.\u00a0<\/span><\/p><h2><span>Env\u00edo, almacenamiento y compartici\u00f3n de informaci\u00f3n personal y c\u00f3mo la utilizamos.<\/span><\/h2><p><span>Practice puede recopilar informaci\u00f3n personal, como su nombre, direcci\u00f3n de correo electr\u00f3nico, direcci\u00f3n de su casa o trabajo, n\u00famero de tel\u00e9fono e informaci\u00f3n financiera que nos proporcione cuando utilice nuestro sitio web o compre nuestros programas, productos o servicios (\u201cInformaci\u00f3n personal\u201d). Al proporcionarnos dicha informaci\u00f3n, nos otorga permiso para usarla y almacenarla. Nosotros, a su vez, haremos todo lo posible para mantener dicha informaci\u00f3n segura y protegida.\u00a0<\/span><\/p><p><span>Tambi\u00e9n podemos recopilar informaci\u00f3n demogr\u00e1fica an\u00f3nima, que no es exclusiva de usted, como su c\u00f3digo postal, edad, sexo, preferencias, intereses y favoritos.\u00a0\u00a0<\/span><\/p><p><span>Si cree que alg\u00fan dato suyo que conservamos es incorrecto o est\u00e1 incompleto, p\u00f3ngase en contacto con nosotros lo antes posible. Corregiremos de inmediato cualquier dato que resulte incorrecto.\u00a0<\/span><\/p><p><span>Practice tambi\u00e9n puede recopilar autom\u00e1ticamente informaci\u00f3n sobre el hardware y el software de su computadora. Esta informaci\u00f3n puede incluir su direcci\u00f3n IP, tipo de navegador, nombres de dominio, tiempos de acceso y direcciones de sitios web de referencia. Practice puede utilizar esta informaci\u00f3n para el funcionamiento de su negocio, para mantener la calidad del servicio y para proporcionar estad\u00edsticas generales sobre el uso del sitio web.\u00a0<\/span><\/p><p><span>Practice solicita y requiere diversos datos personales para comprender sus necesidades y brindarle un mejor servicio. Adem\u00e1s, podemos recopilar dicha informaci\u00f3n por las siguientes razones: (1) mantenimiento de registros internos, (2) para mantener registros de las compras de los clientes, (3) para mejorar nuestro sitio web, programas, productos o servicios, (4) para enviar peri\u00f3dicamente promociones sobre nuevos programas, productos o servicios, u otras ofertas especiales de las que puede darse de baja en cualquier momento, (5) para obtener datos agregados no identificables para fines de investigaci\u00f3n de mercado y\/o (6) para personalizar el programa, producto o servicio respectivo que compra o usa de acuerdo con sus intereses. Se le dar\u00e1 la oportunidad de optar por no tener su direcci\u00f3n de correo electr\u00f3nico utilizada para correos electr\u00f3nicos comerciales de Practice en el momento en que reciba cualquier mensaje de correo electr\u00f3nico de marketing de nuestra parte. En cualquier caso, si desea que lo eliminemos de dichos correos electr\u00f3nicos de Practice, puede enviar un correo electr\u00f3nico con \u00abCancelar suscripci\u00f3n\u00bb en la l\u00ednea de asunto a\u00a0<\/span><span>info@precisionmedconnect.com\u00a0<\/span><span>. Tambi\u00e9n puede comunicarse con esta direcci\u00f3n de correo electr\u00f3nico si desea:<\/span><\/p><ul><li aria-level=\"1\"><span>Vea qu\u00e9 informaci\u00f3n tenemos sobre usted, si hay alguna.<\/span><\/li><li aria-level=\"2\"><span>Cambiar y corregir cualquier informaci\u00f3n que tengamos sobre usted.<\/span><\/li><li aria-level=\"2\"><span>P\u00eddenos que eliminemos cualquier informaci\u00f3n que tengamos sobre ti.<\/span><\/li><li aria-level=\"2\"><span>Exprese cualquier inquietud que tenga sobre nuestro uso de su informaci\u00f3n.<\/span><\/li><\/ul><h2><span>Almacenamiento de informaci\u00f3n.<\/span><\/h2><p><span>Toda la informaci\u00f3n se almacena a trav\u00e9s de un sistema de gesti\u00f3n de datos. Practice toma precauciones para proteger la informaci\u00f3n personal. Cuando los clientes env\u00edan informaci\u00f3n personal a trav\u00e9s del sitio web, esta se protege tanto en l\u00ednea como fuera de l\u00ednea. Siempre que Practice recopila informaci\u00f3n personal confidencial (como datos de tarjetas de cr\u00e9dito), dicha informaci\u00f3n se encripta y se transmite a Practice de manera segura. Los clientes pueden verificar esto buscando un \u00edcono de candado cerrado en la parte inferior de su navegador web o buscando \u00abhttps\u00bb al comienzo de la direcci\u00f3n de la p\u00e1gina web.<\/span><\/p><p><span>Si bien Practice utiliza cifrado para proteger la informaci\u00f3n confidencial transmitida en l\u00ednea, tambi\u00e9n protegemos su informaci\u00f3n fuera de l\u00ednea. Solo los empleados que necesitan la informaci\u00f3n para realizar un trabajo espec\u00edfico (por ejemplo, servicio al cliente) tienen acceso a la Informaci\u00f3n personal. Las computadoras y los servidores en los que almacenamos la Informaci\u00f3n personal se mantienen en un entorno seguro.<\/span><\/p><p><span>Sin embargo, lamentablemente, tenga en cuenta que no se puede garantizar que ninguna transmisi\u00f3n de datos a trav\u00e9s de Internet o cualquier red inal\u00e1mbrica sea 100% segura. Como resultado, si bien nos esforzamos por proteger su informaci\u00f3n personal, usted reconoce que (a) existen limitaciones de seguridad y privacidad de Internet que est\u00e1n fuera de nuestro control; (b) no se puede garantizar la seguridad, integridad y privacidad de toda la informaci\u00f3n y los datos intercambiados entre usted y nosotros a trav\u00e9s de este sitio web; y (c) un tercero puede ver o alterar dicha informaci\u00f3n y datos durante el tr\u00e1nsito.<\/span><\/p><h2><span>Informaci\u00f3n confidencial.<\/span><\/h2><p><span>Toda la informaci\u00f3n personal recopilada por Practice se mantendr\u00e1 de forma confidencial y no se divulgar\u00e1 a terceros, excepto que podamos divulgar informaci\u00f3n personal: (1) de conformidad con los T\u00e9rminos y condiciones y esta Pol\u00edtica de privacidad, (2) si la ley nos lo exige, (3) de buena fe, si creemos que dicha acci\u00f3n es necesaria para cumplir con los edictos de la ley, (4) para cumplir con el proceso legal que se nos notifica a nosotros, nuestros socios, patrocinadores, inversores o afiliados, (5) para proteger y defender nuestros derechos o propiedad o los de nuestros usuarios y\/o (6) para actuar de forma inmediata y necesaria para proteger la seguridad personal de nuestros usuarios o del p\u00fablico. Practice no vender\u00e1, distribuir\u00e1 ni alquilar\u00e1 su informaci\u00f3n personal a terceros a menos que tengamos su permiso o la ley nos lo exija.\u00a0<\/span><\/p><h2><span>Acceso por parte de terceros.<\/span><\/h2><p><span>Tenga en cuenta que siempre que usted pone su Informaci\u00f3n Personal a disposici\u00f3n de terceros para que puedan acceder o verla a trav\u00e9s de nuestro Sitio Web, programas, productos o servicios y redes sociales, la informaci\u00f3n que usted comparte tambi\u00e9n puede ser vista, recopilada y utilizada por terceros y, por lo tanto, no podemos ser responsables de ning\u00fan uso no autorizado por parte de terceros de dicha informaci\u00f3n que usted comparte voluntariamente en l\u00ednea o de cualquier otra manera. Practice tampoco es responsable de las declaraciones de privacidad u otro contenido en los sitios web fuera de nuestro Sitio Web.<\/span><\/p><h2><span>Uso de Cookies.<\/span><\/h2><p><span>Una cookie es un fragmento de datos que un servidor de p\u00e1ginas web almacena en el disco duro de un visitante del sitio para ayudar a Practice a mejorar el acceso de los clientes a nuestro sitio web e identificar a los visitantes habituales. Las cookies permiten que las aplicaciones web le respondan como individuo. La aplicaci\u00f3n web puede adaptar sus operaciones a sus necesidades, gustos y disgustos recopilando y recordando informaci\u00f3n sobre sus preferencias. Como la mayor\u00eda de las empresas, este sitio web puede utilizar cookies para identificar qu\u00e9 p\u00e1ginas se est\u00e1n utilizando. Esto nos ayuda a analizar datos sobre el tr\u00e1fico de la p\u00e1gina web y mejorar nuestro sitio web para adaptarlo a las necesidades del cliente. Solo utilizamos esta informaci\u00f3n con fines de an\u00e1lisis estad\u00edstico y luego los datos se eliminan del sistema. En general, las cookies nos ayudan a brindarle un mejor sitio web, al permitirnos monitorear qu\u00e9 p\u00e1ginas le resultan \u00fatiles y cu\u00e1les no. Una cookie de ninguna manera nos da acceso a su computadora ni a ninguna informaci\u00f3n sobre usted, aparte de los datos que elija compartir con nosotros. Puede elegir aceptar o rechazar las cookies. La mayor\u00eda de los navegadores web aceptan cookies autom\u00e1ticamente, pero generalmente puede modificar la configuraci\u00f3n de su navegador para rechazar las cookies si lo prefiere. Esto puede impedirle aprovechar al m\u00e1ximo nuestro sitio web, programas, productos o servicios.<\/span><\/p><h2><span>Uso por parte de ni\u00f1os.<\/span><\/h2><p><span>Este sitio web no est\u00e1 dise\u00f1ado para ni\u00f1os menores de 13 a\u00f1os ni consideramos que sea atractivo para ellos. No recopilamos intencionalmente informaci\u00f3n personal de ni\u00f1os menores de 13 a\u00f1os. Recomendamos a los ni\u00f1os que consulten con sus padres antes de proporcionar informaci\u00f3n personal.\u00a0\u00a0\u00a0<\/span><\/p><h2><span>Contacto.<\/span><\/h2><p><span>Si tiene alguna pregunta sobre cualquiera de los t\u00e9rminos de esta Pol\u00edtica de privacidad, comun\u00edquese con Practice a\u00a0<\/span><span>info@precisionmedconnect.com<\/span><\/p>\t\t\t\t\t\t\t<\/div>\r\n\t\t\t\t\t\t\t\t<\/div>\n\t\t\t\t<\/div>\n\t\t\t\t\t<\/div>\n\t\t<\/div>\n\t\t\t\t\t<\/div><\/div>\r\n\t\t<\/section>\r\n\t\t\t\t<\/div>\n\t\t","protected":false},"excerpt":{"rendered":"<p>pol\u00edtica de privacidad Esta Pol\u00edtica de privacidad establece c\u00f3mo Hormona Vida LLC (en adelante, \u201cPr\u00e1ctica\u201d, \u201cnosotros\u201d, \u201cnuestro\u201d o \u201cnos\u201d) recopila,&#8230;<\/p>\n","protected":false},"author":1,"featured_media":0,"parent":0,"menu_order":0,"comment_status":"closed","ping_status":"closed","template":"page-fullwidth.php","meta":{"footnotes":""},"yoast_head":"<!-- This site is optimized with the Yoast SEO plugin v23.3 - https:\/\/yoast.com\/wordpress\/plugins\/seo\/ -->\n<title>Pol\u00edtica de Privacidad - Precision Medical connection<\/title>\n<meta name=\"robots\" content=\"index, follow, max-snippet:-1, max-image-preview:large, max-video-preview:-1\" \/>\n<link rel=\"canonical\" href=\"https:\/\/precisionmedconnect.com\/es\/politica-privacidad\/\" \/>\n<meta property=\"og:locale\" content=\"es_ES\" \/>\n<meta property=\"og:type\" content=\"article\" \/>\n<meta property=\"og:title\" content=\"Pol\u00edtica de Privacidad - Precision Medical connection\" \/>\n<meta property=\"og:description\" content=\"pol\u00edtica de privacidad Esta Pol\u00edtica de privacidad establece c\u00f3mo Hormona Vida LLC (en adelante, \u201cPr\u00e1ctica\u201d, \u201cnosotros\u201d, \u201cnuestro\u201d o \u201cnos\u201d) recopila,...\" \/>\n<meta property=\"og:url\" content=\"https:\/\/precisionmedconnect.com\/es\/politica-privacidad\/\" \/>\n<meta property=\"og:site_name\" content=\"Precision Medical connection\" \/>\n<meta property=\"article:publisher\" content=\"https:\/\/www.facebook.com\/people\/Precision-Med-Connect\/61562508525185\/\" \/>\n<meta property=\"article:modified_time\" content=\"2024-09-25T22:11:54+00:00\" \/>\n<meta name=\"twitter:card\" content=\"summary_large_image\" \/>\n<meta name=\"twitter:label1\" content=\"Est. reading time\" \/>\n\t<meta name=\"twitter:data1\" content=\"8 minutos\" \/>\n<script type=\"application\/ld+json\" class=\"yoast-schema-graph\">{\"@context\":\"https:\/\/schema.org\",\"@graph\":[{\"@type\":\"WebPage\",\"@id\":\"https:\/\/precisionmedconnect.com\/es\/politica-privacidad\/\",\"url\":\"https:\/\/precisionmedconnect.com\/es\/politica-privacidad\/\",\"name\":\"Pol\u00edtica de Privacidad - Precision Medical connection\",\"isPartOf\":{\"@id\":\"https:\/\/precisionmedconnect.com\/#website\"},\"datePublished\":\"2024-09-25T18:36:15+00:00\",\"dateModified\":\"2024-09-25T22:11:54+00:00\",\"breadcrumb\":{\"@id\":\"https:\/\/precisionmedconnect.com\/es\/politica-privacidad\/#breadcrumb\"},\"inLanguage\":\"es\",\"potentialAction\":[{\"@type\":\"ReadAction\",\"target\":[\"https:\/\/precisionmedconnect.com\/es\/politica-privacidad\/\"]}]},{\"@type\":\"BreadcrumbList\",\"@id\":\"https:\/\/precisionmedconnect.com\/es\/politica-privacidad\/#breadcrumb\",\"itemListElement\":[{\"@type\":\"ListItem\",\"position\":1,\"name\":\"Home\",\"item\":\"https:\/\/precisionmedconnect.com\/es\/\"},{\"@type\":\"ListItem\",\"position\":2,\"name\":\"Pol\u00edtica de Privacidad\"}]},{\"@type\":\"WebSite\",\"@id\":\"https:\/\/precisionmedconnect.com\/#website\",\"url\":\"https:\/\/precisionmedconnect.com\/\",\"name\":\"Precision Medical connection\",\"description\":\"Precision Medical connection\",\"publisher\":{\"@id\":\"https:\/\/precisionmedconnect.com\/#organization\"},\"potentialAction\":[{\"@type\":\"SearchAction\",\"target\":{\"@type\":\"EntryPoint\",\"urlTemplate\":\"https:\/\/precisionmedconnect.com\/?s={search_term_string}\"},\"query-input\":\"required name=search_term_string\"}],\"inLanguage\":\"es\"},{\"@type\":\"Organization\",\"@id\":\"https:\/\/precisionmedconnect.com\/#organization\",\"name\":\"Precision Medical connection\",\"url\":\"https:\/\/precisionmedconnect.com\/\",\"logo\":{\"@type\":\"ImageObject\",\"inLanguage\":\"es\",\"@id\":\"https:\/\/precisionmedconnect.com\/#\/schema\/logo\/image\/\",\"url\":\"https:\/\/precisionmedconnect.com\/wp-content\/uploads\/2024\/08\/Team-icon.webp\",\"contentUrl\":\"https:\/\/precisionmedconnect.com\/wp-content\/uploads\/2024\/08\/Team-icon.webp\",\"width\":110,\"height\":110,\"caption\":\"Precision Medical connection\"},\"image\":{\"@id\":\"https:\/\/precisionmedconnect.com\/#\/schema\/logo\/image\/\"},\"sameAs\":[\"https:\/\/www.facebook.com\/people\/Precision-Med-Connect\/61562508525185\/\",\"https:\/\/www.instagram.com\/precisionmedconnect\/\"]}]}<\/script>\n<!-- \/ Yoast SEO plugin. -->","yoast_head_json":{"title":"Pol\u00edtica de Privacidad - Precision Medical connection","robots":{"index":"index","follow":"follow","max-snippet":"max-snippet:-1","max-image-preview":"max-image-preview:large","max-video-preview":"max-video-preview:-1"},"canonical":"https:\/\/precisionmedconnect.com\/es\/politica-privacidad\/","og_locale":"es_ES","og_type":"article","og_title":"Pol\u00edtica de Privacidad - Precision Medical connection","og_description":"pol\u00edtica de privacidad Esta Pol\u00edtica de privacidad establece c\u00f3mo Hormona Vida LLC (en adelante, \u201cPr\u00e1ctica\u201d, \u201cnosotros\u201d, \u201cnuestro\u201d o \u201cnos\u201d) recopila,...","og_url":"https:\/\/precisionmedconnect.com\/es\/politica-privacidad\/","og_site_name":"Precision Medical connection","article_publisher":"https:\/\/www.facebook.com\/people\/Precision-Med-Connect\/61562508525185\/","article_modified_time":"2024-09-25T22:11:54+00:00","twitter_card":"summary_large_image","twitter_misc":{"Est. reading time":"8 minutos"},"schema":{"@context":"https:\/\/schema.org","@graph":[{"@type":"WebPage","@id":"https:\/\/precisionmedconnect.com\/es\/politica-privacidad\/","url":"https:\/\/precisionmedconnect.com\/es\/politica-privacidad\/","name":"Pol\u00edtica de Privacidad - Precision Medical connection","isPartOf":{"@id":"https:\/\/precisionmedconnect.com\/#website"},"datePublished":"2024-09-25T18:36:15+00:00","dateModified":"2024-09-25T22:11:54+00:00","breadcrumb":{"@id":"https:\/\/precisionmedconnect.com\/es\/politica-privacidad\/#breadcrumb"},"inLanguage":"es","potentialAction":[{"@type":"ReadAction","target":["https:\/\/precisionmedconnect.com\/es\/politica-privacidad\/"]}]},{"@type":"BreadcrumbList","@id":"https:\/\/precisionmedconnect.com\/es\/politica-privacidad\/#breadcrumb","itemListElement":[{"@type":"ListItem","position":1,"name":"Home","item":"https:\/\/precisionmedconnect.com\/es\/"},{"@type":"ListItem","position":2,"name":"Pol\u00edtica de Privacidad"}]},{"@type":"WebSite","@id":"https:\/\/precisionmedconnect.com\/#website","url":"https:\/\/precisionmedconnect.com\/","name":"Precision Medical connection","description":"Precision Medical connection","publisher":{"@id":"https:\/\/precisionmedconnect.com\/#organization"},"potentialAction":[{"@type":"SearchAction","target":{"@type":"EntryPoint","urlTemplate":"https:\/\/precisionmedconnect.com\/?s={search_term_string}"},"query-input":"required name=search_term_string"}],"inLanguage":"es"},{"@type":"Organization","@id":"https:\/\/precisionmedconnect.com\/#organization","name":"Precision Medical connection","url":"https:\/\/precisionmedconnect.com\/","logo":{"@type":"ImageObject","inLanguage":"es","@id":"https:\/\/precisionmedconnect.com\/#\/schema\/logo\/image\/","url":"https:\/\/precisionmedconnect.com\/wp-content\/uploads\/2024\/08\/Team-icon.webp","contentUrl":"https:\/\/precisionmedconnect.com\/wp-content\/uploads\/2024\/08\/Team-icon.webp","width":110,"height":110,"caption":"Precision Medical connection"},"image":{"@id":"https:\/\/precisionmedconnect.com\/#\/schema\/logo\/image\/"},"sameAs":["https:\/\/www.facebook.com\/people\/Precision-Med-Connect\/61562508525185\/","https:\/\/www.instagram.com\/precisionmedconnect\/"]}]}},"_links":{"self":[{"href":"https:\/\/precisionmedconnect.com\/es\/wp-json\/wp\/v2\/pages\/26904"}],"collection":[{"href":"https:\/\/precisionmedconnect.com\/es\/wp-json\/wp\/v2\/pages"}],"about":[{"href":"https:\/\/precisionmedconnect.com\/es\/wp-json\/wp\/v2\/types\/page"}],"author":[{"embeddable":true,"href":"https:\/\/precisionmedconnect.com\/es\/wp-json\/wp\/v2\/users\/1"}],"replies":[{"embeddable":true,"href":"https:\/\/precisionmedconnect.com\/es\/wp-json\/wp\/v2\/comments?post=26904"}],"version-history":[{"count":8,"href":"https:\/\/precisionmedconnect.com\/es\/wp-json\/wp\/v2\/pages\/26904\/revisions"}],"predecessor-version":[{"id":26912,"href":"https:\/\/precisionmedconnect.com\/es\/wp-json\/wp\/v2\/pages\/26904\/revisions\/26912"}],"wp:attachment":[{"href":"https:\/\/precisionmedconnect.com\/es\/wp-json\/wp\/v2\/media?parent=26904"}],"curies":[{"name":"wp","href":"https:\/\/api.w.org\/{rel}","templated":true}]}}