{"id":26917,"date":"2024-09-25T18:49:32","date_gmt":"2024-09-25T18:49:32","guid":{"rendered":"https:\/\/precisionmedconnect.com\/?page_id=26917"},"modified":"2024-09-25T22:31:53","modified_gmt":"2024-09-25T22:31:53","slug":"descargo-de-responsabilidad","status":"publish","type":"page","link":"https:\/\/precisionmedconnect.com\/es\/descargo-de-responsabilidad\/","title":{"rendered":"Descargo de Responsabilidad"},"content":{"rendered":"\t\t<div data-elementor-type=\"wp-page\" data-elementor-id=\"26917\" class=\"elementor elementor-26917 elementor-26892\" data-elementor-post-type=\"page\">\n\t\t\t\t\t\t<section class=\"elementor-section elementor-top-section elementor-element elementor-element-99d12d3 elementor-section-boxed elementor-section-height-default elementor-section-height-default\" data-id=\"99d12d3\" data-element_type=\"section\">\r\n\t\t\t\t\t\t<div class=\"elementor-container elementor-column-gap-thegem\"><div class=\"elementor-row\">\r\n\t\t\t\t\t<div class=\"elementor-column elementor-col-100 elementor-top-column elementor-element elementor-element-57b1ebc\" data-id=\"57b1ebc\" data-element_type=\"column\">\n\t\t\t<div class=\"elementor-widget-wrap elementor-element-populated\">\n\t\t\t\t\t\t<div class=\"elementor-element elementor-element-85b6ffc flex-horizontal-align-default flex-horizontal-align-tablet-default flex-horizontal-align-mobile-default flex-vertical-align-default flex-vertical-align-tablet-default flex-vertical-align-mobile-default elementor-widget elementor-widget-text-editor\" data-id=\"85b6ffc\" data-element_type=\"widget\" data-widget_type=\"text-editor.default\">\n\t\t\t\t<div class=\"elementor-widget-container\">\n\t\t\t<style>\/*! elementor - v3.23.0 - 05-08-2024 *\/\n.elementor-widget-text-editor.elementor-drop-cap-view-stacked .elementor-drop-cap{background-color:#69727d;color:#fff}.elementor-widget-text-editor.elementor-drop-cap-view-framed .elementor-drop-cap{color:#69727d;border:3px solid;background-color:transparent}.elementor-widget-text-editor:not(.elementor-drop-cap-view-default) .elementor-drop-cap{margin-top:8px}.elementor-widget-text-editor:not(.elementor-drop-cap-view-default) .elementor-drop-cap-letter{width:1em;height:1em}.elementor-widget-text-editor .elementor-drop-cap{float:left;text-align:center;line-height:1;font-size:50px}.elementor-widget-text-editor .elementor-drop-cap-letter{display:inline-block}<\/style>\t\t\t\t\t\t\t<div class=\"elementor-text-editor elementor-clearfix\">\r\n\t\t\t\t\t\t<h2><span>Aviso legal del sitio web de medicina funcional<\/span><\/h2><p><span>El contenido de este sitio web, como texto, gr\u00e1ficos, im\u00e1genes y otros materiales incluidos en \u00e9l (\u201cContenido\u201d), tiene \u00fanicamente fines informativos. El Contenido no pretende sustituir el asesoramiento, diagn\u00f3stico o tratamiento m\u00e9dico profesional. Busque siempre el asesoramiento de su m\u00e9dico u otro proveedor de salud calificado ante cualquier pregunta que pueda tener sobre una afecci\u00f3n m\u00e9dica. Nunca ignore el asesoramiento m\u00e9dico profesional ni demore en buscarlo debido a algo que haya le\u00eddo en este sitio web. La informaci\u00f3n relacionada con la salud cambia con frecuencia y, por lo tanto, el Contenido de este sitio web puede estar desactualizado, incompleto o incorrecto. No asumimos ninguna responsabilidad por la informaci\u00f3n contenida o a la que se hace referencia en este sitio web y no ofrecemos garant\u00edas ni representaciones expresas o impl\u00edcitas de ning\u00fan tipo con respecto a la precisi\u00f3n, integridad, actualidad o utilidad de cualquier informaci\u00f3n contenida o a la que se haga referencia en este sitio web.\u00a0\u00a0<\/span><\/p><p><span>Los resultados var\u00edan de un paciente a otro. No se recetar\u00e1n ni administrar\u00e1n tratamientos a menos que exista una necesidad cl\u00ednica basada en un examen realizado por el m\u00e9dico. Cualquier revisi\u00f3n u otro material que pueda considerarse un testimonio o recomendaci\u00f3n no constituye una garant\u00eda ni una predicci\u00f3n sobre el resultado de ninguna consulta. Los testimonios de este sitio web representan la experiencia anecd\u00f3tica de consumidores individuales.\u00a0\u00a0<\/span><\/p><p><span>El uso de este sitio web est\u00e1 sujeto a nuestros\u00a0<\/span><a href=\"https:\/\/precisionmedconnect.com\/terms-conditions\/\"><span>T\u00e9rminos y Condiciones<\/span><\/a><span>\u00a0y\u00a0<\/span><a href=\"https:\/\/precisionmedconnect.com\/privacy-policy\/\"><span>Pol\u00edtica de Privacidad<\/span><\/a><span>\u00a0.<\/span>\u00a0\u00a0<\/p>\t\t\t\t\t\t\t<\/div>\r\n\t\t\t\t\t\t\t\t<\/div>\n\t\t\t\t<\/div>\n\t\t\t\t\t<\/div>\n\t\t<\/div>\n\t\t\t\t\t<\/div><\/div>\r\n\t\t<\/section>\r\n\t\t\t\t<\/div>\n\t\t","protected":false},"excerpt":{"rendered":"<p>Aviso legal del sitio web de medicina funcional El contenido de este sitio web, como texto, gr\u00e1ficos, im\u00e1genes y otros&#8230;<\/p>\n","protected":false},"author":1,"featured_media":0,"parent":0,"menu_order":0,"comment_status":"closed","ping_status":"closed","template":"page-fullwidth.php","meta":{"footnotes":""},"yoast_head":"<!-- This site is optimized with the Yoast SEO plugin v23.3 - https:\/\/yoast.com\/wordpress\/plugins\/seo\/ -->\n<title>Descargo de Responsabilidad - Precision Medical connection<\/title>\n<meta name=\"robots\" content=\"index, follow, max-snippet:-1, max-image-preview:large, max-video-preview:-1\" \/>\n<link rel=\"canonical\" href=\"https:\/\/precisionmedconnect.com\/es\/descargo-de-responsabilidad\/\" \/>\n<meta property=\"og:locale\" content=\"es_ES\" \/>\n<meta property=\"og:type\" content=\"article\" \/>\n<meta property=\"og:title\" content=\"Descargo de Responsabilidad - Precision Medical connection\" \/>\n<meta property=\"og:description\" content=\"Aviso legal del sitio web de medicina funcional El contenido de este sitio web, como texto, gr\u00e1ficos, im\u00e1genes y otros...\" \/>\n<meta property=\"og:url\" content=\"https:\/\/precisionmedconnect.com\/es\/descargo-de-responsabilidad\/\" \/>\n<meta property=\"og:site_name\" content=\"Precision Medical connection\" \/>\n<meta property=\"article:publisher\" content=\"https:\/\/www.facebook.com\/people\/Precision-Med-Connect\/61562508525185\/\" \/>\n<meta property=\"article:modified_time\" content=\"2024-09-25T22:31:53+00:00\" \/>\n<meta name=\"twitter:card\" content=\"summary_large_image\" \/>\n<meta name=\"twitter:label1\" content=\"Est. reading time\" \/>\n\t<meta name=\"twitter:data1\" content=\"2 minutos\" \/>\n<script type=\"application\/ld+json\" class=\"yoast-schema-graph\">{\"@context\":\"https:\/\/schema.org\",\"@graph\":[{\"@type\":\"WebPage\",\"@id\":\"https:\/\/precisionmedconnect.com\/es\/descargo-de-responsabilidad\/\",\"url\":\"https:\/\/precisionmedconnect.com\/es\/descargo-de-responsabilidad\/\",\"name\":\"Descargo de Responsabilidad - Precision Medical connection\",\"isPartOf\":{\"@id\":\"https:\/\/precisionmedconnect.com\/#website\"},\"datePublished\":\"2024-09-25T18:49:32+00:00\",\"dateModified\":\"2024-09-25T22:31:53+00:00\",\"breadcrumb\":{\"@id\":\"https:\/\/precisionmedconnect.com\/es\/descargo-de-responsabilidad\/#breadcrumb\"},\"inLanguage\":\"es\",\"potentialAction\":[{\"@type\":\"ReadAction\",\"target\":[\"https:\/\/precisionmedconnect.com\/es\/descargo-de-responsabilidad\/\"]}]},{\"@type\":\"BreadcrumbList\",\"@id\":\"https:\/\/precisionmedconnect.com\/es\/descargo-de-responsabilidad\/#breadcrumb\",\"itemListElement\":[{\"@type\":\"ListItem\",\"position\":1,\"name\":\"Home\",\"item\":\"https:\/\/precisionmedconnect.com\/es\/\"},{\"@type\":\"ListItem\",\"position\":2,\"name\":\"Descargo de Responsabilidad\"}]},{\"@type\":\"WebSite\",\"@id\":\"https:\/\/precisionmedconnect.com\/#website\",\"url\":\"https:\/\/precisionmedconnect.com\/\",\"name\":\"Precision Medical connection\",\"description\":\"Precision Medical connection\",\"publisher\":{\"@id\":\"https:\/\/precisionmedconnect.com\/#organization\"},\"potentialAction\":[{\"@type\":\"SearchAction\",\"target\":{\"@type\":\"EntryPoint\",\"urlTemplate\":\"https:\/\/precisionmedconnect.com\/?s={search_term_string}\"},\"query-input\":\"required name=search_term_string\"}],\"inLanguage\":\"es\"},{\"@type\":\"Organization\",\"@id\":\"https:\/\/precisionmedconnect.com\/#organization\",\"name\":\"Precision Medical connection\",\"url\":\"https:\/\/precisionmedconnect.com\/\",\"logo\":{\"@type\":\"ImageObject\",\"inLanguage\":\"es\",\"@id\":\"https:\/\/precisionmedconnect.com\/#\/schema\/logo\/image\/\",\"url\":\"https:\/\/precisionmedconnect.com\/wp-content\/uploads\/2024\/08\/Team-icon.webp\",\"contentUrl\":\"https:\/\/precisionmedconnect.com\/wp-content\/uploads\/2024\/08\/Team-icon.webp\",\"width\":110,\"height\":110,\"caption\":\"Precision Medical connection\"},\"image\":{\"@id\":\"https:\/\/precisionmedconnect.com\/#\/schema\/logo\/image\/\"},\"sameAs\":[\"https:\/\/www.facebook.com\/people\/Precision-Med-Connect\/61562508525185\/\",\"https:\/\/www.instagram.com\/precisionmedconnect\/\"]}]}<\/script>\n<!-- \/ Yoast SEO plugin. -->","yoast_head_json":{"title":"Descargo de Responsabilidad - Precision Medical connection","robots":{"index":"index","follow":"follow","max-snippet":"max-snippet:-1","max-image-preview":"max-image-preview:large","max-video-preview":"max-video-preview:-1"},"canonical":"https:\/\/precisionmedconnect.com\/es\/descargo-de-responsabilidad\/","og_locale":"es_ES","og_type":"article","og_title":"Descargo de Responsabilidad - Precision Medical connection","og_description":"Aviso legal del sitio web de medicina funcional El contenido de este sitio web, como texto, gr\u00e1ficos, im\u00e1genes y otros...","og_url":"https:\/\/precisionmedconnect.com\/es\/descargo-de-responsabilidad\/","og_site_name":"Precision Medical connection","article_publisher":"https:\/\/www.facebook.com\/people\/Precision-Med-Connect\/61562508525185\/","article_modified_time":"2024-09-25T22:31:53+00:00","twitter_card":"summary_large_image","twitter_misc":{"Est. reading time":"2 minutos"},"schema":{"@context":"https:\/\/schema.org","@graph":[{"@type":"WebPage","@id":"https:\/\/precisionmedconnect.com\/es\/descargo-de-responsabilidad\/","url":"https:\/\/precisionmedconnect.com\/es\/descargo-de-responsabilidad\/","name":"Descargo de Responsabilidad - Precision Medical connection","isPartOf":{"@id":"https:\/\/precisionmedconnect.com\/#website"},"datePublished":"2024-09-25T18:49:32+00:00","dateModified":"2024-09-25T22:31:53+00:00","breadcrumb":{"@id":"https:\/\/precisionmedconnect.com\/es\/descargo-de-responsabilidad\/#breadcrumb"},"inLanguage":"es","potentialAction":[{"@type":"ReadAction","target":["https:\/\/precisionmedconnect.com\/es\/descargo-de-responsabilidad\/"]}]},{"@type":"BreadcrumbList","@id":"https:\/\/precisionmedconnect.com\/es\/descargo-de-responsabilidad\/#breadcrumb","itemListElement":[{"@type":"ListItem","position":1,"name":"Home","item":"https:\/\/precisionmedconnect.com\/es\/"},{"@type":"ListItem","position":2,"name":"Descargo de Responsabilidad"}]},{"@type":"WebSite","@id":"https:\/\/precisionmedconnect.com\/#website","url":"https:\/\/precisionmedconnect.com\/","name":"Precision Medical connection","description":"Precision Medical connection","publisher":{"@id":"https:\/\/precisionmedconnect.com\/#organization"},"potentialAction":[{"@type":"SearchAction","target":{"@type":"EntryPoint","urlTemplate":"https:\/\/precisionmedconnect.com\/?s={search_term_string}"},"query-input":"required name=search_term_string"}],"inLanguage":"es"},{"@type":"Organization","@id":"https:\/\/precisionmedconnect.com\/#organization","name":"Precision Medical connection","url":"https:\/\/precisionmedconnect.com\/","logo":{"@type":"ImageObject","inLanguage":"es","@id":"https:\/\/precisionmedconnect.com\/#\/schema\/logo\/image\/","url":"https:\/\/precisionmedconnect.com\/wp-content\/uploads\/2024\/08\/Team-icon.webp","contentUrl":"https:\/\/precisionmedconnect.com\/wp-content\/uploads\/2024\/08\/Team-icon.webp","width":110,"height":110,"caption":"Precision Medical connection"},"image":{"@id":"https:\/\/precisionmedconnect.com\/#\/schema\/logo\/image\/"},"sameAs":["https:\/\/www.facebook.com\/people\/Precision-Med-Connect\/61562508525185\/","https:\/\/www.instagram.com\/precisionmedconnect\/"]}]}},"_links":{"self":[{"href":"https:\/\/precisionmedconnect.com\/es\/wp-json\/wp\/v2\/pages\/26917"}],"collection":[{"href":"https:\/\/precisionmedconnect.com\/es\/wp-json\/wp\/v2\/pages"}],"about":[{"href":"https:\/\/precisionmedconnect.com\/es\/wp-json\/wp\/v2\/types\/page"}],"author":[{"embeddable":true,"href":"https:\/\/precisionmedconnect.com\/es\/wp-json\/wp\/v2\/users\/1"}],"replies":[{"embeddable":true,"href":"https:\/\/precisionmedconnect.com\/es\/wp-json\/wp\/v2\/comments?post=26917"}],"version-history":[{"count":4,"href":"https:\/\/precisionmedconnect.com\/es\/wp-json\/wp\/v2\/pages\/26917\/revisions"}],"predecessor-version":[{"id":26922,"href":"https:\/\/precisionmedconnect.com\/es\/wp-json\/wp\/v2\/pages\/26917\/revisions\/26922"}],"wp:attachment":[{"href":"https:\/\/precisionmedconnect.com\/es\/wp-json\/wp\/v2\/media?parent=26917"}],"curies":[{"name":"wp","href":"https:\/\/api.w.org\/{rel}","templated":true}]}}